{"id":29760,"date":"2025-03-12T16:22:56","date_gmt":"2025-03-12T15:22:56","guid":{"rendered":"https:\/\/revolutioncoaching.io\/a-propos\/"},"modified":"2025-12-23T11:11:52","modified_gmt":"2025-12-23T10:11:52","slug":"a-propos","status":"publish","type":"page","link":"https:\/\/revolutioncoaching.io\/fr\/a-propos\/","title":{"rendered":"\u00c0 propos"},"content":{"rendered":"<p>[et_pb_section fb_built=\u00a0\u00bb1&Prime; admin_label=\u00a0\u00bbHeader\u00a0\u00bb _builder_version=\u00a0\u00bb4.22.0&Prime; _module_preset=\u00a0\u00bbdefault\u00a0\u00bb background_color=\u00a0\u00bbgcid-a13652f3-2793-4cb6-9d99-526eb1549d6a\u00a0\u00bb width_tablet=\u00a0\u00bb80%\u00a0\u00bb width_phone=\u00a0\u00bb80%\u00a0\u00bb width_last_edited=\u00a0\u00bbon|tablet\u00a0\u00bb custom_margin=\u00a0\u00bb30px|30px|30px|30px|true|true\u00a0\u00bb module_alignment_tablet=\u00a0\u00bbcenter\u00a0\u00bb module_alignment_phone=\u00a0\u00bbcenter\u00a0\u00bb module_alignment_last_edited=\u00a0\u00bbon|desktop\u00a0\u00bb border_radii=\u00a0\u00bbon|10px|10px|10px|10px\u00a0\u00bb locked=\u00a0\u00bboff\u00a0\u00bb collapsed=\u00a0\u00bbon\u00a0\u00bb global_colors_info=\u00a0\u00bb{%22gcid-a13652f3-2793-4cb6-9d99-526eb1549d6a%22:%91%22background_color%22%93}\u00a0\u00bb][et_pb_row column_structure=\u00a0\u00bb2_3,1_3&Prime; _builder_version=\u00a0\u00bb4.27.4&Prime; _module_preset=\u00a0\u00bbdefault\u00a0\u00bb global_colors_info=\u00a0\u00bb{}\u00a0\u00bb][et_pb_column type=\u00a0\u00bb2_3&Prime; _builder_version=\u00a0\u00bb4.22.0&Prime; _module_preset=\u00a0\u00bbdefault\u00a0\u00bb global_colors_info=\u00a0\u00bb{}\u00a0\u00bb][et_pb_text _builder_version=\u00a0\u00bb4.27.4&Prime; _module_preset=\u00a0\u00bb707274ee-ffb4-490d-a3f6-0a3d63bab39d\u00a0\u00bb global_colors_info=\u00a0\u00bb{}\u00a0\u00bb]<\/p>\n<h4>Coaching et Facilitation de Pleine Conscience<\/h4>\n<p>[\/et_pb_text][et_pb_text _builder_version=\u00a0\u00bb4.22.0&Prime; _module_preset=\u00a0\u00bb71e81cf0-f9a9-4cbf-85c3-50c12bc41ff0&Prime; header_text_color=\u00a0\u00bb#FFFFFF\u00a0\u00bb custom_margin=\u00a0\u00bb||0px||false|false\u00a0\u00bb global_colors_info=\u00a0\u00bb{}\u00a0\u00bb]<\/p>\n<h1>Bonjour !<\/h1>\n<p>[\/et_pb_text][et_pb_text _builder_version=\u00a0\u00bb4.22.0&Prime; _module_preset=\u00a0\u00bb71e81cf0-f9a9-4cbf-85c3-50c12bc41ff0&Prime; custom_margin=\u00a0\u00bb||10px||false|false\u00a0\u00bb global_colors_info=\u00a0\u00bb{}\u00a0\u00bb]<\/p>\n<h1>Je suis Neil Truncik<\/h1>\n<p>[\/et_pb_text][et_pb_text _builder_version=\u00a0\u00bb4.27.4&Prime; _module_preset=\u00a0\u00bb16201044-92d3-4052-aea9-844827d4c1db\u00a0\u00bb global_colors_info=\u00a0\u00bb{}\u00a0\u00bb]<\/p>\n<h5>Catalyseur d&rsquo;\u00e9tincelles.<\/h5>\n<h5>Facilitateur de changement.<\/h5>\n<h5>Amplificateur de conscience.<\/h5>\n<p>[\/et_pb_text][\/et_pb_column][et_pb_column type=\u00a0\u00bb1_3&Prime; _builder_version=\u00a0\u00bb4.22.0&Prime; _module_preset=\u00a0\u00bbdefault\u00a0\u00bb global_colors_info=\u00a0\u00bb{}\u00a0\u00bb][et_pb_image src=\u00a0\u00bbhttps:\/\/revolutioncoaching.io\/wp-content\/uploads\/2025\/03\/NeilTruncik012-1-scaled-e1742311569591.jpg\u00a0\u00bb alt=\u00a0\u00bbPortrait de Neil Truncik sur la page \u00c0 propos\u00a0\u00bb title_text=\u00a0\u00bbNeil Truncik\u00a0\u00bb _builder_version=\u00a0\u00bb4.27.4&Prime; _module_preset=\u00a0\u00bbdefault\u00a0\u00bb max_width_tablet=\u00a0\u00bb200px\u00a0\u00bb max_width_phone=\u00a0\u00bb200px\u00a0\u00bb max_width_last_edited=\u00a0\u00bbon|tablet\u00a0\u00bb max_height_tablet=\u00a0\u00bb200px\u00a0\u00bb max_height_phone=\u00a0\u00bb200px\u00a0\u00bb max_height_last_edited=\u00a0\u00bbon|tablet\u00a0\u00bb border_radii=\u00a0\u00bbon|500px|500px|500px|500px\u00a0\u00bb border_width_all=\u00a0\u00bb10px\u00a0\u00bb border_color_all=\u00a0\u00bb#FFFFFF\u00a0\u00bb global_colors_info=\u00a0\u00bb{}\u00a0\u00bb][\/et_pb_image][\/et_pb_column][\/et_pb_row][\/et_pb_section][et_pb_section fb_built=\u00a0\u00bb1&Prime; admin_label=\u00a0\u00bbAbout\u00a0\u00bb _builder_version=\u00a0\u00bb4.22.0&Prime; _module_preset=\u00a0\u00bbdefault\u00a0\u00bb custom_padding=\u00a0\u00bb2px|||||\u00a0\u00bb collapsed=\u00a0\u00bboff\u00a0\u00bb global_colors_info=\u00a0\u00bb{}\u00a0\u00bb][et_pb_row _builder_version=\u00a0\u00bb4.27.4&Prime; _module_preset=\u00a0\u00bbdefault\u00a0\u00bb global_colors_info=\u00a0\u00bb{}\u00a0\u00bb][et_pb_column type=\u00a0\u00bb4_4&Prime; _builder_version=\u00a0\u00bb4.27.4&Prime; _module_preset=\u00a0\u00bbdefault\u00a0\u00bb global_colors_info=\u00a0\u00bb{}\u00a0\u00bb][et_pb_text _builder_version=\u00a0\u00bb4.27.4&Prime; _module_preset=\u00a0\u00bba2130af2-739b-4e3e-8d1d-b0e7044bb371&Prime; text_orientation=\u00a0\u00bbcenter\u00a0\u00bb header_2_font_size_phone=\u00a0\u00bb24px\u00a0\u00bb global_colors_info=\u00a0\u00bb{}\u00a0\u00bb]<\/p>\n<h2>Mon parcours<\/h2>\n<p>[\/et_pb_text][\/et_pb_column][\/et_pb_row][et_pb_row use_custom_gutter=\u00a0\u00bbon\u00a0\u00bb gutter_width=\u00a0\u00bb2&Prime; make_equal=\u00a0\u00bbon\u00a0\u00bb _builder_version=\u00a0\u00bb4.22.0&Prime; _module_preset=\u00a0\u00bbdefault\u00a0\u00bb locked=\u00a0\u00bboff\u00a0\u00bb collapsed=\u00a0\u00bbon\u00a0\u00bb global_colors_info=\u00a0\u00bb{}\u00a0\u00bb][et_pb_column type=\u00a0\u00bb4_4&Prime; _builder_version=\u00a0\u00bb4.22.0&Prime; _module_preset=\u00a0\u00bbdefault\u00a0\u00bb background_color=\u00a0\u00bbgcid-a13652f3-2793-4cb6-9d99-526eb1549d6a\u00a0\u00bb custom_padding=\u00a0\u00bb40px|40px|40px|40px|true|true\u00a0\u00bb custom_padding_tablet=\u00a0\u00bb30px|30px|30px|30px|true|true\u00a0\u00bb custom_padding_phone=\u00a0\u00bb20px|20px|20px|20px|true|true\u00a0\u00bb custom_padding_last_edited=\u00a0\u00bbon|phone\u00a0\u00bb border_radii=\u00a0\u00bbon|10px|10px|10px|10px\u00a0\u00bb global_colors_info=\u00a0\u00bb{%22gcid-a13652f3-2793-4cb6-9d99-526eb1549d6a%22:%91%22background_color%22%93}\u00a0\u00bb][et_pb_image src=\u00a0\u00bbhttps:\/\/revolutioncoaching.io\/wp-content\/uploads\/2025\/05\/SuperNeil.png\u00a0\u00bb alt=\u00a0\u00bbImage de Neil tenant un t\u00e9l\u00e9phone IP Cisco dans une pose de Superman.\u00a0\u00bb title_text=\u00a0\u00bbSuperNeil\u00a0\u00bb align=\u00a0\u00bbcenter\u00a0\u00bb _builder_version=\u00a0\u00bb4.27.4&Prime; _module_preset=\u00a0\u00bbdefault\u00a0\u00bb max_height=\u00a0\u00bb200px\u00a0\u00bb custom_margin=\u00a0\u00bb||30px||false|false\u00a0\u00bb global_colors_info=\u00a0\u00bb{}\u00a0\u00bb][\/et_pb_image][et_pb_text _builder_version=\u00a0\u00bb4.27.4&Prime; _module_preset=\u00a0\u00bb46f6115d-77aa-40b9-80a3-1733e0f06930&Prime; text_text_color=\u00a0\u00bb#000000&Prime; text_orientation=\u00a0\u00bbjustified\u00a0\u00bb width=\u00a0\u00bb90%\u00a0\u00bb module_alignment=\u00a0\u00bbcenter\u00a0\u00bb custom_margin=\u00a0\u00bb||||false|false\u00a0\u00bb custom_padding=\u00a0\u00bb||||false|false\u00a0\u00bb global_colors_info=\u00a0\u00bb{}\u00a0\u00bb]<\/p>\n<p>&nbsp;<\/p>\n<p>J&rsquo;ai toujours eu une passion pour la science et la technologie et j&rsquo;ai d\u00e9couvert tr\u00e8s t\u00f4t que j&rsquo;y excellais. Naturellement, j&rsquo;ai poursuivi l&rsquo;excellence technique. J&rsquo;avais 16 ans lorsque j&rsquo;ai obtenu ma certification CCNA, 19 ans pour ma CCNP, et seulement 22 ans lorsque j&rsquo;ai r\u00e9ussi l&rsquo;examen pratique CCIE.  <\/p>\n<p>J&rsquo;\u00e9tais <strong>heureux, enthousiaste et fier<\/strong> d&rsquo;\u00eatre Ing\u00e9nieur Syst\u00e8mes (SE) dans le d\u00e9partement des ventes de la plus grande entreprise de r\u00e9seaux au monde, et d&rsquo;utiliser mon expertise technique pour aider mes clients. J&rsquo;adorais mon travail. <\/p>\n<p>Jusqu&rsquo;\u00e0 ce que ce ne soit plus le cas.<\/p>\n<p>Bien que j&rsquo;\u00e9tais un SE dans les ventes et un CCIE, et malgr\u00e9 avoir travaill\u00e9 avec certaines des marques les plus reconnaissables au monde, il m&rsquo;a fallu un certain temps (pr\u00e8s de 2 ans !) pour r\u00e9aliser que ce n&rsquo;\u00e9tait plus ce que je voulais faire. Pour r\u00e9aliser que mon travail ne m&rsquo;\u00e9nergisait plus ni ne me motivait. Pour comprendre pourquoi j&rsquo;\u00e9tais frustr\u00e9 par ma carri\u00e8re.  <\/p>\n<p>Nous sommes tous humains apr\u00e8s tout, et il est normal de se perdre.<\/p>\n<p>Cela m&rsquo;a conduit \u00e0 l&rsquo;un des plus grands changements de ma carri\u00e8re &#8211; vers l&rsquo;enseignement.<\/p>\n<p>Travailler avec des dipl\u00f4m\u00e9s en d\u00e9but de carri\u00e8re dans le cadre d&rsquo;un programme interne de formation des associ\u00e9s commerciaux, en enseignant et en encadrant, m&rsquo;a permis de retrouver un sens et un but. Je pouvais toujours utiliser mes connaissances techniques tout en d\u00e9veloppant un tout nouvel ensemble de comp\u00e9tences. <\/p>\n<p>J&rsquo;ai appris qu&rsquo;il est acceptable de changer de direction, m\u00eame si l&rsquo;on a atteint un tr\u00e8s haut niveau de connaissances\/d&rsquo;expertise. Et que changer de direction peut \u00eatre extr\u00eamement gratifiant et conduire \u00e0 une croissance personnelle massive (gagnant-gagnant !) <\/p>\n<p>L&rsquo;enseignement et la facilitation pour l&rsquo;activation des ventes m&rsquo;ont port\u00e9 pendant pr\u00e8s de 7 ann\u00e9es suppl\u00e9mentaires et ont ouvert de nombreuses nouvelles portes et int\u00e9r\u00eats :<\/p>\n<ul>\n<li>Je suis devenu instructeur de yoga.<\/li>\n<li>Je suis devenu enseignant de pleine conscience et j&rsquo;ai commenc\u00e9 \u00e0 l&rsquo;enseigner \u00e0 d&rsquo;autres employ\u00e9s.<\/li>\n<li>Je me suis passionn\u00e9 pour le Design Thinking et j&rsquo;ai m\u00eame \u00e9t\u00e9 mentor dans un programme de d\u00e9veloppement du leadership pour les r\u00f4les techniques.<\/li>\n<\/ul>\n<p>Vers la fin de mon parcours en entreprise, les politiques internes ont commenc\u00e9 \u00e0 me peser. La frustration a recommenc\u00e9 \u00e0 s&rsquo;installer. <\/p>\n<p>Sentant cela tr\u00e8s t\u00f4t, j&rsquo;ai commenc\u00e9 \u00e0 explorer le Coaching professionnel comme une \u00e9ventuelle prochaine \u00e9tape. J&rsquo;ai su imm\u00e9diatement que c&rsquo;\u00e9tait pour moi apr\u00e8s une formation intensive de 3 jours, la premi\u00e8re de ce qui allait s&rsquo;av\u00e9rer \u00eatre de nombreuses formations sur le chemin pour devenir un coach accr\u00e9dit\u00e9 internationalement. <\/p>\n<p>Faisons une pause un instant.<\/p>\n<p>C&rsquo;\u00e9tait une GRANDE r\u00e9alisation et difficile \u00e0 accepter apr\u00e8s tant de temps et d&rsquo;investissement dans la poursuite de l&rsquo;excellence technique. J&rsquo;avais eu une tr\u00e8s longue et fructueuse carri\u00e8re tout en \u00e9tant technique. Et de s&rsquo;\u00e9loigner de cela, vers quelque chose de si diff\u00e9rent et largement inconnu ?  <\/p>\n<p>Il y avait une voix au fond de ma t\u00eate qui criait (hurlait !) que \u00eatre technique \u00e9tait ce en quoi j&rsquo;\u00e9tais le meilleur, et que cela m&rsquo;avait toujours si bien servi, et que j&rsquo;\u00e9tais fou d&rsquo;envisager autre chose. (Il y a une raison pour laquelle la plupart des gens continuent \u00e0 faire quelque chose dans lequel ils excellent, m\u00eame s&rsquo;ils n&rsquo;aiment pas cela.) Mais la r\u00e9alit\u00e9 \u00e9tait que cela ne m&rsquo;avait pas toujours bien servi. Il y avait eu des points de frustration majeurs en cours de route et de longues p\u00e9riodes d&rsquo;insatisfaction. Cette voix, si vous pouvez vous y identifier, nous retient.    <\/p>\n<p>Mais, gr\u00e2ce \u00e0 la pleine conscience et au coaching, j&rsquo;ai appris \u00e0 \u00e9couter et \u00e0 faire confiance \u00e0 mon instinct. Je savais que ce changement \u00e9tait exactement ce dont j&rsquo;avais besoin \u00e0 ce stade de ma carri\u00e8re. Et je continuerai \u00e0 \u00e9couter, \u00e0 changer et \u00e0 \u00e9voluer au fil des ann\u00e9es \u00e0 venir.  <\/p>\n<p>C&rsquo;est possible.<\/p>\n<p>Je crois fondamentalement que nous avons tous en nous la capacit\u00e9 de trouver du sens, de la motivation et de l&rsquo;enthousiasme dans le travail que nous faisons.<\/p>\n<p>Parfois, nous avons simplement besoin d&rsquo;un coup de main pour y arriver.<\/p>\n<p>[\/et_pb_text][et_pb_button button_url=\u00a0\u00bb@ET-DC@eyJkeW5hbWljIjp0cnVlLCJjb250ZW50IjoicG9zdF9saW5rX3VybF9wYWdlIiwic2V0dGluZ3MiOnsicG9zdF9pZCI6IjI5MDM0In19@\u00a0\u00bb button_text=\u00a0\u00bbInt\u00e9ress\u00e9 ? Discutons-en ! \u00a0\u00bb button_alignment=\u00a0\u00bbcenter\u00a0\u00bb _builder_version=\u00a0\u00bb4.27.4&Prime; _dynamic_attributes=\u00a0\u00bbbutton_url\u00a0\u00bb _module_preset=\u00a0\u00bbd16a6953-7062-4be2-ab40-6eafd74e8379&Prime; global_colors_info=\u00a0\u00bb{}\u00a0\u00bb][\/et_pb_button][\/et_pb_column][\/et_pb_row][et_pb_row column_structure=\u00a0\u00bb1_2,1_2&Prime; _builder_version=\u00a0\u00bb4.27.4&Prime; _module_preset=\u00a0\u00bbdefault\u00a0\u00bb global_colors_info=\u00a0\u00bb{}\u00a0\u00bb][et_pb_column type=\u00a0\u00bb1_2&Prime; _builder_version=\u00a0\u00bb4.22.0&Prime; _module_preset=\u00a0\u00bbdefault\u00a0\u00bb global_colors_info=\u00a0\u00bb{}\u00a0\u00bb][et_pb_text _builder_version=\u00a0\u00bb4.27.4&Prime; _module_preset=\u00a0\u00bba2130af2-739b-4e3e-8d1d-b0e7044bb371&Prime; header_2_font_size_phone=\u00a0\u00bb24px\u00a0\u00bb global_colors_info=\u00a0\u00bb{}\u00a0\u00bb]<\/p>\n<h2>Ma propre r\u00c9volution<\/h2>\n<p>[\/et_pb_text][et_pb_text _builder_version=\u00a0\u00bb4.27.4&Prime; _module_preset=\u00a0\u00bbeeef2ddf-6331-4cc0-9684-e5432485fbc8&Prime; global_colors_info=\u00a0\u00bb{}\u00a0\u00bb]<\/p>\n<p>En partie <em><strong>\u00c9volution<\/strong><\/em>, en partie <em><strong>R\u00e9volution<\/strong><\/em>, il y a eu des changements majeurs tout au long de ma carri\u00e8re. Voici quelques-uns des moments forts dans l&rsquo;ordre (plus ou moins) chronologique : <\/p>\n<ul>\n<li><strong>2004 :<\/strong> Passionn\u00e9 de science devenu passion\u00e9 de la technologie<\/li>\n<li><strong>2003-2009 :<\/strong> Technicien devenu super-technicien (CCNA, puis CCNP, puis CCIE)<\/li>\n<li><strong>2009 :<\/strong> Technicien devenu commercial<\/li>\n<li><strong>2013 :<\/strong> D\u00e9m\u00e9nagement du Canada en Suisse. D\u00e9but du travail avec des clients en fran\u00e7ais. <\/li>\n<li><strong>2015 :<\/strong> Devenu professeur de Yoga certifi\u00e9 (projet parall\u00e8le)<\/li>\n<li><strong>2015 :<\/strong> Commercial devenu Formateur\/Facilitateur dans l&rsquo;activation des ventes<\/li>\n<li><strong>2016 :<\/strong> Devenu enseignant certifi\u00e9 en Pleine Conscience, commenc\u00e9 \u00e0 enseigner au sein de Cisco<\/li>\n<li>2020 : Devenu p\u00e8re !<\/li>\n<li>2020 : D\u2019enseignant\/facilitateur \u00e0 concepteur d\u2019exp\u00e9riences d\u2019apprentissage et mentor en Design Thinking<\/li>\n<li>2022 : Obtention de la certification de coach<\/li>\n<li>2023 : D\u00e9part du monde de l\u2019entreprise pour devenir coach \u00e0 temps plein et facilitateur en pleine conscience !<\/li>\n<\/ul>\n<p>[\/et_pb_text][et_pb_image src=\u00a0\u00bbhttps:\/\/revolutioncoaching.io\/wp-content\/uploads\/2025\/04\/RC-social-media-preview.png\u00a0\u00bb alt=\u00a0\u00bbImage noire avec une barre jaune \u00e0 gauche, portant l&#039;inscription \u00ab rEvolution Coaching. &#039;R&#039; facultatif. Croissance in\u00e9vitable. \u00bb\u00a0\u00bb title_text=\u00a0\u00bbAper\u00e7u des m\u00e9dias sociaux RC\u00a0\u00bb _builder_version=\u00a0\u00bb4.27.4&Prime; _module_preset=\u00a0\u00bbdefault\u00a0\u00bb width=\u00a0\u00bb75%\u00a0\u00bb module_alignment=\u00a0\u00bbcenter\u00a0\u00bb global_colors_info=\u00a0\u00bb{}\u00a0\u00bb][\/et_pb_image][et_pb_text _builder_version=\u00a0\u00bb4.27.4&Prime; _module_preset=\u00a0\u00bb16201044-92d3-4052-aea9-844827d4c1db\u00a0\u00bb custom_margin=\u00a0\u00bb||0px||false|false\u00a0\u00bb header_5_font_size_phone=\u00a0\u00bb18px\u00a0\u00bb global_colors_info=\u00a0\u00bb{}\u00a0\u00bb]<\/p>\n<h5>Mon exp\u00e9rience (Les d\u00e9tails)<\/h5>\n<p>[\/et_pb_text][et_pb_text _builder_version=\u00a0\u00bb4.27.4&Prime; _module_preset=\u00a0\u00bbeeef2ddf-6331-4cc0-9684-e5432485fbc8&Prime; global_colors_info=\u00a0\u00bb{}\u00a0\u00bb]<\/p>\n<ul>\n<li>Coach Co-Active accr\u00e9dit\u00e9 ICF (<a href=\"https:\/\/www.credly.com\/badges\/ec9b8ec7-0344-41fa-affc-064ff6cfd76d\" target=\"_blank\" rel=\"noopener\">ACC<\/a>, <a href=\"https:\/\/www.credly.com\/badges\/c22124ad-f65b-4a67-9970-40429b60b6c3\/public_url\" target=\"_blank\" rel=\"noopener\">CPCC<\/a>)<\/li>\n<li>Secteurs : Technologie, IT, Vente, l&rsquo;Activation des Ventes<\/li>\n<li>Plus de 16 ans dans des r\u00f4les de vente et l&rsquo;activation des ventes (Sales Enablement)<\/li>\n<li>Plus de 3 ans d&rsquo;exp\u00e9rience en coaching de professionnels exp\u00e9riment\u00e9s de la vente technologique \u00e0 travers l&rsquo;Europe et l&rsquo;Am\u00e9rique du Nord<\/li>\n<li>Instructeur certifi\u00e9 de MBSR, form\u00e9 officiellement aupr\u00e8s du Centre de Pleine Conscience de l&rsquo;UC San Diego<\/li>\n<li>Plus de 9 ans d&rsquo;enseignement de la pleine conscience dans les organisations ; plus de 6 ans d&rsquo;exp\u00e9rience en tant que Facilitateur Senior avec Potential Project<\/li>\n<li>Construction de communaut\u00e9 de pleine conscience : Durant mon mandat en tant que Co-responsable Global du r\u00e9seau d&#8217;employ\u00e9s Mindfulness &amp; Resilience chez Cisco, il est pass\u00e9 d&rsquo;environ 200 \u00e0 plus de 2 500 membres<\/li>\n<li>Plus de 10 ans d&rsquo;enseignement du hot yoga \u00e0 des milliers d&rsquo;\u00e9tudiants passionn\u00e9s (<a href=\"https:\/\/app.yogaalliance.org\/teacherpublicprofile?id=0033g00000239QQAAY\" target=\"_blank\" rel=\"noopener\">RYT 500<\/a>)<\/li>\n<\/ul>\n<p>[\/et_pb_text][\/et_pb_column][et_pb_column type=\u00a0\u00bb1_2&Prime; _builder_version=\u00a0\u00bb4.22.0&Prime; _module_preset=\u00a0\u00bbdefault\u00a0\u00bb global_colors_info=\u00a0\u00bb{}\u00a0\u00bb][et_pb_text _builder_version=\u00a0\u00bb4.27.4&Prime; _module_preset=\u00a0\u00bba2130af2-739b-4e3e-8d1d-b0e7044bb371&Prime; header_2_font_size_phone=\u00a0\u00bb24px\u00a0\u00bb global_colors_info=\u00a0\u00bb{}\u00a0\u00bb]<\/p>\n<h2>Mon Approche<\/h2>\n<p>[\/et_pb_text][et_pb_text _builder_version=\u00a0\u00bb4.27.4&Prime; _module_preset=\u00a0\u00bbeeef2ddf-6331-4cc0-9684-e5432485fbc8&Prime; global_colors_info=\u00a0\u00bb{}\u00a0\u00bb]<\/p>\n<p>Je collabore avec des contributeurs individuels et des dirigeants passionn\u00e9s pour naviguer et exceller \u00e0 travers les d\u00e9fis professionnels et personnels \u00e0 des moments cl\u00e9s de leur carri\u00e8re.<\/p>\n<p>En tirant parti de mes ann\u00e9es d&rsquo;exp\u00e9rience internationale dans les r\u00f4les de vente et l&rsquo;activation des ventes dans le secteur technologique, combin\u00e9es \u00e0 mon exp\u00e9rience en coaching et en pleine conscience, mes interventions sont hautement impactantes et trouvent un \u00e9cho aupr\u00e8s de mes clients.<\/p>\n<p>En tant que coach et facilitateur de pleine conscience, j&rsquo;appr\u00e9cie de travailler avec des individus et des organisations qui sont s\u00e9rieux dans leur croissance et d\u00e9di\u00e9s au processus. Bas\u00e9 dans le Canton du Jura, en Suisse, je travaille \u00e0 la fois en pr\u00e9sentiel et en ligne avec des clients du monde entier. <\/p>\n<p><em>I am also bilingual in English and French.<\/em><\/p>\n<p>[\/et_pb_text][et_pb_text _builder_version=\u00a0\u00bb4.27.4&Prime; _module_preset=\u00a0\u00bb16201044-92d3-4052-aea9-844827d4c1db\u00a0\u00bb custom_margin=\u00a0\u00bb||0px||false|false\u00a0\u00bb header_5_font_size_phone=\u00a0\u00bb18px\u00a0\u00bb global_colors_info=\u00a0\u00bb{}\u00a0\u00bb]<\/p>\n<h5>Coaching<\/h5>\n<p>[\/et_pb_text][et_pb_text _builder_version=\u00a0\u00bb4.27.4&Prime; _module_preset=\u00a0\u00bbeeef2ddf-6331-4cc0-9684-e5432485fbc8&Prime; global_colors_info=\u00a0\u00bb{}\u00a0\u00bb]<\/p>\n<p>Je travaille en t\u00eate-\u00e0-t\u00eate avec des dirigeants et des contributeurs individuels pour obtenir de la <strong>Clart\u00e9<\/strong> sur leur situation actuelle et leurs aspirations dans leur carri\u00e8re et leur vie, puis pour les <strong>Autonomiser<\/strong> avec la conscience de soi, les comp\u00e9tences et les outils n\u00e9cessaires. La cl\u00e9 finale de l&rsquo;\u00e9quation est l&rsquo;<strong>Action<\/strong> et la responsabilit\u00e9 que la structure du coaching offre afin d&rsquo;atteindre les r\u00e9sultats souhait\u00e9s. <\/p>\n<p>[\/et_pb_text][et_pb_text _builder_version=\u00a0\u00bb4.27.4&Prime; _module_preset=\u00a0\u00bb16201044-92d3-4052-aea9-844827d4c1db\u00a0\u00bb custom_margin=\u00a0\u00bb||0px||false|false\u00a0\u00bb header_5_font_size_phone=\u00a0\u00bb18px\u00a0\u00bb global_colors_info=\u00a0\u00bb{}\u00a0\u00bb]<\/p>\n<h5>Pleine conscience<\/h5>\n<p>[\/et_pb_text][et_pb_text _builder_version=\u00a0\u00bb4.27.4&Prime; _module_preset=\u00a0\u00bbeeef2ddf-6331-4cc0-9684-e5432485fbc8&Prime; global_colors_info=\u00a0\u00bb{}\u00a0\u00bb]<\/p>\n<p>Je suis Facilitateur Senior chez <a href=\"https:\/\/www.potentialproject.com\/\" target=\"_blank\" rel=\"noopener\">Potential Project<\/a>, dispensant des programmes de pleine conscience aux organisations du monde entier.<\/p>\n<p>En tirant parti de mon exp\u00e9rience professionnelle combin\u00e9e \u00e0 mon exp\u00e9rience en tant qu&rsquo;enseignant de pleine conscience, j&rsquo;ai enseign\u00e9 \u00e0 plusieurs reprises le programme MBSR complet au sein d&rsquo;une grande organisation multinationale avec un grand succ\u00e8s !<\/p>\n<p>Je travaille \u00e9galement avec des organisations pour introduire la pleine conscience dans le cadre d&rsquo;initiatives de bien-\u00eatre de mani\u00e8re accessible et exp\u00e9rientielle &#8211; conf\u00e9rences, ateliers, sessions r\u00e9currentes de pleine conscience et cours pour employ\u00e9s.<\/p>\n<p>[\/et_pb_text][\/et_pb_column][\/et_pb_row][\/et_pb_section][et_pb_section fb_built=\u00a0\u00bb1&Prime; admin_label=\u00a0\u00bbCall to Action\u00a0\u00bb _builder_version=\u00a0\u00bb4.22.0&Prime; _module_preset=\u00a0\u00bbdefault\u00a0\u00bb background_color=\u00a0\u00bbgcid-a13652f3-2793-4cb6-9d99-526eb1549d6a\u00a0\u00bb background_image=\u00a0\u00bbhttps:\/\/revolutioncoaching.io\/wp-content\/uploads\/2025\/03\/career-coach-2.png\u00a0\u00bb background_size=\u00a0\u00bbinitial\u00a0\u00bb custom_padding=\u00a0\u00bb8vw||8vw||true|false\u00a0\u00bb locked=\u00a0\u00bboff\u00a0\u00bb collapsed=\u00a0\u00bboff\u00a0\u00bb global_colors_info=\u00a0\u00bb{%22gcid-a13652f3-2793-4cb6-9d99-526eb1549d6a%22:%91%22background_color%22%93}\u00a0\u00bb][et_pb_row _builder_version=\u00a0\u00bb4.22.0&Prime; _module_preset=\u00a0\u00bbdefault\u00a0\u00bb max_width=\u00a0\u00bb880px\u00a0\u00bb global_colors_info=\u00a0\u00bb{}\u00a0\u00bb][et_pb_column type=\u00a0\u00bb4_4&Prime; _builder_version=\u00a0\u00bb4.22.0&Prime; _module_preset=\u00a0\u00bbdefault\u00a0\u00bb global_colors_info=\u00a0\u00bb{}\u00a0\u00bb][et_pb_button button_url=\u00a0\u00bb@ET-DC@eyJkeW5hbWljIjp0cnVlLCJjb250ZW50IjoicG9zdF9saW5rX3VybF9wYWdlIiwic2V0dGluZ3MiOnsicG9zdF9pZCI6IjI5MDM0In19@\u00a0\u00bb button_text=\u00a0\u00bbContactez-moi Aujourd&apos;hui\u00a0\u00bb button_alignment=\u00a0\u00bbcenter\u00a0\u00bb _builder_version=\u00a0\u00bb4.27.4&Prime; _dynamic_attributes=\u00a0\u00bbbutton_url\u00a0\u00bb _module_preset=\u00a0\u00bb5834abf7-30b7-4d2e-ba36-ea4d4397abda\u00a0\u00bb global_colors_info=\u00a0\u00bb{}\u00a0\u00bb][\/et_pb_button][\/et_pb_column][\/et_pb_row][\/et_pb_section]<\/p>\n","protected":false},"excerpt":{"rendered":"<p>Coaching et Facilitation de Pleine ConscienceBonjour !Je suis Neil TruncikCatalyseur d&rsquo;\u00e9tincelles. Facilitateur de changement. Amplificateur de conscience.Mon parcours&nbsp; J&rsquo;ai toujours eu une passion pour la science et la technologie et j&rsquo;ai d\u00e9couvert tr\u00e8s t\u00f4t que j&rsquo;y excellais. Naturellement, j&rsquo;ai poursuivi l&rsquo;excellence technique. J&rsquo;avais 16 ans lorsque j&rsquo;ai obtenu ma certification CCNA, 19 ans pour ma [&hellip;]<\/p>\n","protected":false},"author":1,"featured_media":0,"parent":0,"menu_order":0,"comment_status":"closed","ping_status":"closed","template":"","meta":{"_et_pb_use_builder":"on","_et_pb_old_content":"","_et_gb_content_width":"","footnotes":""},"class_list":["post-29760","page","type-page","status-publish","hentry"],"_links":{"self":[{"href":"https:\/\/revolutioncoaching.io\/fr\/wp-json\/wp\/v2\/pages\/29760","targetHints":{"allow":["GET"]}}],"collection":[{"href":"https:\/\/revolutioncoaching.io\/fr\/wp-json\/wp\/v2\/pages"}],"about":[{"href":"https:\/\/revolutioncoaching.io\/fr\/wp-json\/wp\/v2\/types\/page"}],"author":[{"embeddable":true,"href":"https:\/\/revolutioncoaching.io\/fr\/wp-json\/wp\/v2\/users\/1"}],"replies":[{"embeddable":true,"href":"https:\/\/revolutioncoaching.io\/fr\/wp-json\/wp\/v2\/comments?post=29760"}],"version-history":[{"count":35,"href":"https:\/\/revolutioncoaching.io\/fr\/wp-json\/wp\/v2\/pages\/29760\/revisions"}],"predecessor-version":[{"id":30404,"href":"https:\/\/revolutioncoaching.io\/fr\/wp-json\/wp\/v2\/pages\/29760\/revisions\/30404"}],"wp:attachment":[{"href":"https:\/\/revolutioncoaching.io\/fr\/wp-json\/wp\/v2\/media?parent=29760"}],"curies":[{"name":"wp","href":"https:\/\/api.w.org\/{rel}","templated":true}]}}